
{"id":1199,"date":"2017-08-08T17:32:17","date_gmt":"2017-08-08T16:32:17","guid":{"rendered":"http:\/\/whitealexia.cz\/?page_id=1199"},"modified":"2025-12-29T20:23:14","modified_gmt":"2025-12-29T19:23:14","slug":"dubstep","status":"publish","type":"page","link":"https:\/\/whitealexia.cz\/?page_id=1199","title":{"rendered":"Dubstep"},"content":{"rendered":"<h2 style=\"text-align: center;\"><span style=\"color: #808080;\"><strong>Junior World Winner \u00b418&nbsp; &nbsp;VEW \u00b419&nbsp; &nbsp;JCh&nbsp; &nbsp;Ch&nbsp; &nbsp;GrCh&nbsp; &nbsp;Ch \u010cMKU&nbsp; &nbsp;JBIS&nbsp; &nbsp;BIS<\/strong><\/span><br \/>\n<span style=\"color: #333399;\"><strong>DUBSTEP of Trebons Berger Blanc<\/strong><\/span><br \/>\n<span style=\"color: #333333;\"><br \/>\n<a style=\"color: #333333;\" href=\"http:\/\/whitealexia.cz\/wp-content\/uploads\/2017\/01\/dubstep-hlava-ok.jpg\"><img loading=\"lazy\" class=\"wp-image-3363 aligncenter\" src=\"http:\/\/whitealexia.cz\/wp-content\/uploads\/2017\/01\/dubstep-hlava-ok.jpg\" alt=\"\" width=\"275\" height=\"414\" srcset=\"https:\/\/whitealexia.cz\/wp-content\/uploads\/2017\/01\/dubstep-hlava-ok.jpg 329w, https:\/\/whitealexia.cz\/wp-content\/uploads\/2017\/01\/dubstep-hlava-ok-199x300.jpg 199w\" sizes=\"(max-width: 275px) 100vw, 275px\" \/><\/a><\/span><\/h2>\n<p style=\"text-align: center;\"><span style=\"color: #808080;\"><strong><span style=\"color: #339966;\">CHOVN\u00dd PES (m\u00e1me zmrazen\u00e9 sperma)<\/span><br \/>\n* 18. 5. 2017<\/strong><\/span><\/p>\n<h4 style=\"text-align: center;\"><span style=\"color: #ff0000;\"><strong>Tituly:<\/strong><\/span><\/h4>\n<h5 style=\"text-align: center;\"><span style=\"color: #333399;\"><strong>* Junior Champion CZ, DK, SK <\/strong><\/span><br \/>\n<span style=\"color: #333399;\"><strong>* Champion CZ, SK<\/strong><\/span><br \/>\n<span style=\"color: #333399;\"><strong>* Champion \u010cMKU<\/strong><\/span><br \/>\n<span style=\"color: #333399;\"><strong>* Grand Champion CZ, SK<\/strong><\/span><br \/>\n<span style=\"color: #333399;\"><strong>* Club Champion CZ<\/strong><\/span><br \/>\n<span style=\"color: #333399;\"><strong>* Club Grand Champion CZ<\/strong><\/span><br \/>\n<span style=\"color: #ff0000;\"><strong>* Junior World Winner 2018 (Holandsko)<\/strong><\/span><br \/>\n<span style=\"color: #333399;\"><strong>* res.CACIB European Winner 2019 (Rakousko)<\/strong><\/span><br \/>\n<span style=\"color: #333399;\"><strong>* 2. m\u00edsto JUNIOR TOP DOG 2018<\/strong> <strong>\u010cR<\/strong><span style=\"color: #333333;\"> &#8211; ze v\u0161ech ps\u016f v \u010cR!<\/span><\/span><br \/>\n<span style=\"color: #333399;\"><strong>* 5. m\u00edsto&nbsp; TOP DOG 2018<\/strong> <strong>\u010cR<\/strong> <span style=\"color: #333333;\">&#8211; FCI sk. I.<\/span><\/span><br \/>\n<span style=\"color: #333399;\"><strong>* 1. m\u00edsto&nbsp; TOP DOG 2019 \u010cR<\/strong> <span style=\"color: #333333;\">&#8211;&nbsp; FCI sk. I.<\/span><\/span><br \/>\n<span style=\"color: #333399;\"><strong>* 1. m\u00edsto TOP DOG roku Klubu b\u00edl\u00e9ho ov\u010d\u00e1ka <span style=\"color: #333333;\">&#8211; v roce 2018, 2019 a 2020 !<\/span><\/strong><\/span><\/h5>\n<h4 style=\"text-align: center;\"><strong><span style=\"color: #ff0000;\"><br \/>\n<\/span><\/strong><span style=\"color: #ff0000;\"><strong>Dosavadn\u00ed celkov\u00e9 v\u00fdstavn\u00ed v\u00fdsledky:<\/strong><\/span><\/h4>\n<h5 style=\"text-align: center;\"><span style=\"color: #333333;\"><strong>N\u011bkolikan\u00e1sobn\u011b CAJC, CACIB<\/strong><\/span><br \/>\n<span style=\"color: #333333;\"><strong>12x BOJ, 6x BOS, 27x BOB, 4x N\u00e1rodn\u00ed v\u00edt\u011bz, 2x Klubov\u00fd v\u00edt\u011bz<\/strong><\/span><br \/>\n<span style=\"color: #333333;\"><strong>2x BIS Puppy<\/strong><\/span><br \/>\n<span style=\"color: #333333;\"><strong>5x Junior BOG<\/strong><\/span><br \/>\n<span style=\"color: #333333;\"><strong>2x Best In Show; 1x Best In Show Junior; Res. Best In Show; Best of Day<br \/>\n16x Best of Group \/ res.Best of Group<\/strong><\/span><\/h5>\n<h6 style=\"text-align: center;\"><span style=\"color: #808080;\"><em>(v\u0161echny tituly nest\u00edh\u00e1me aktualizovat, kompletn\u00ed v\u00fdsledky na\u0161ich v\u00fdstav najdete v\u017edy <a style=\"color: #808080;\" href=\"http:\/\/whitealexia.cz\/?page_id=20\">zde\u21d2<\/a>)<\/em><\/span><\/h6>\n<h4 style=\"text-align: center;\"><a href=\"http:\/\/whitealexia.cz\/wp-content\/uploads\/2017\/08\/DSC_0418-FB.jpg\"><img loading=\"lazy\" class=\"wp-image-3387 aligncenter\" src=\"http:\/\/whitealexia.cz\/wp-content\/uploads\/2017\/08\/DSC_0418-FB.jpg\" alt=\"\" width=\"619\" height=\"398\"><\/a><br \/>\n<span style=\"color: #333399;\"><strong>Charakteristika:<\/strong><\/span><\/h4>\n<h5 style=\"text-align: center;\"><span style=\"color: #808080;\"><strong>Dubstep<\/strong>&nbsp;se narodil v kv\u011btnu 2017 v chovatelsk\u00e9 stanici \u201cz Trebons\u201d <em>(matka: Cynamon Cimet White Dream Team; otec: MCH CIB BISS&nbsp;Fudge of Trebons Berger Blanc).<\/em> Dubstep jeho\u017e jm\u00e9no vyjad\u0159uje hudebn\u00ed styl, je povahov\u011b velmi vyrovnan\u00fd, miluj\u00edc\u00ed v\u0161echny psy i lidi &#8211; n\u011bkdy a\u017e moc :-))) Je to kr\u00e1sn\u011b stav\u011bn\u00fd pes po sv\u00e9m otci, siln\u00e9 kostry, such\u00e9 v\u00fdrazn\u00e9 hlavy a ide\u00e1ln\u00edch lini\u00ed t\u011bla. Jeho pohyb je rytmick\u00fd a ladn\u00fd s ide\u00e1ln\u011b nesen\u00fdm ocasem. Celkov\u011b je Dubstep velmi dob\u0159e pigmentov\u00e1n a je to p\u0159edev\u0161\u00edm n\u00e1\u0161 mil\u00e1\u010dek \ud83d\ude42<\/span><\/h5>\n<p style=\"text-align: center;\"><span style=\"color: #808080;\">Doslova po cel\u00e9m sv\u011bt\u011b ji\u017e b\u011bh\u00e1 n\u011bkolik miminek (a u\u017e i vnou\u010dat) po tomto na\u0161em, trochu bl\u00e1zniv\u00e9m, klukovi. V\u00edce info o v\u0161ech vrz\u00edch \u21d3<\/span><\/p>\n<hr>\n<h4 style=\"text-align: center;\"><span style=\"color: #333399;\"><strong>Zdravotn\u00ed v\u00fdsledky a testy:<\/strong><\/span><\/h4>\n<h5 style=\"text-align: center;\"><span style=\"color: #333333;\"><strong>RTG ky\u010dle<\/strong>: OFA <strong>A\/A<\/strong><\/span><br \/>\n<span style=\"color: #333333;\"><strong>RTG lokty:<\/strong> OFA <strong>0\/1<\/strong><\/span><br \/>\n<span style=\"color: #333333;\">P\u0159echodov\u00fd obratel <strong>(LTV): 0<\/strong> (clear)<\/span><br \/>\n<span style=\"color: #333333;\"><strong>MDR1: n\/n<\/strong> (clear)<\/span><br \/>\n<span style=\"color: #333333;\"><strong>DM: n\/n<\/strong> (clear)<\/span><br \/>\n<span style=\"color: #333333;\">Dwarfismus <strong>(NAH): n\/n<\/strong>&nbsp;(clear)<\/span><br \/>\n<span style=\"color: #333333;\">Cerebellar hypoplasia <strong>(CH): n\/n<\/strong> (clear)<\/span><br \/>\n<span style=\"color: #333333;\"><strong>DNA<\/strong> Genetick\u00fd profil<\/span><\/h5>\n<h5 style=\"text-align: center;\"><span style=\"color: #333333;\"><em>V\u00fd\u0161ka: 64,5 cm<\/em><\/span><br \/>\n<span style=\"color: #333333;\"><em>Srst: dlouhosrst\u00fd<\/em><\/span><br \/>\n<span style=\"color: #333333;\"><em>Pigment: tmav\u00fd nos, v\u0161echny pol\u0161t\u00e1\u0159ky tlapek, tmav\u00e9 oko, plnochrup\u00fd.<\/em><\/span><\/h5>\n<p style=\"text-align: center;\"><span style=\"color: #800080;\"><em><strong>M\u00e1me zmrazen\u00e9 sperma k dispozici (v\u010detn\u011b test\u016f Brucella Canis).<\/strong><\/em><\/span><\/p>\n<hr>\n<h4 style=\"text-align: center;\"><strong><span style=\"color: #000080;\">\u0160t\u011b\u0148\u00e1tka po Dubstepovi:<\/span><\/strong><\/h4>\n<h5 style=\"text-align: center;\"><strong>Podzim 2020 \u2013 Francie<\/strong><br \/>\n<em>Vrh v chovatelsk\u00e9 stanici <strong>Du Lac de Garm<\/strong> se vyda\u0159il, narodilo se 10 \u0161t\u011b\u0148\u00e1tek (<\/em><em>6 fen a 4 pejsci).<\/em><br \/>\n******<br \/>\n<strong> Jaro 2021&nbsp;\u2013 D\u00e1nsko<\/strong><br \/>\n<em>Vrh v chovatelsk\u00e9 stanici <strong>z Trebons<\/strong> (z inseminace v D\u00e1nsku). <\/em><em>Z tohoto spojen\u00ed se narodila 3 \u0161t\u011b\u0148\u00e1tka.<br \/>\n******<br \/>\n<\/em><strong>L\u00e9to 2021 &#8211; vrh &#8222;C&#8220; v na\u0161\u00ed chovatelsk\u00e9 stanici<\/strong><br \/>\n<em>V kv\u011btnu se v na\u0161\u00ed chovatelsk\u00e9 stanici narodilo 6 miminek na\u0161\u00ed Ace.<br \/>\n******<br \/>\n<\/em><strong>Podzim 2021 &#8211; \u010cesk\u00e1 republika<\/strong><br \/>\n<em>V chovatelsk\u00e9 stanici <strong>Artay of Highland<\/strong> se narodila 4 \u0161t\u011b\u0148\u00e1tka (1 pes a 3 fenky).<br \/>\n******<br \/>\n<\/em><strong>L\u00e9to 2023 &#8211; Polsko<\/strong><br \/>\n<em>V chovatelsk\u00e9 stanici v Polsku se fence <strong>Shakti Alpen Angel <\/strong>narodilo 9 \u0161t\u011b\u0148\u00e1tek (5 pejsk\u016f a 4 fenky).<br \/>\n******<br \/>\n<\/em><strong>&nbsp;L\u00e9to 2023 &#8211; vrh &#8222;E&#8220; v na\u0161\u00ed chovatelsk\u00e9 stanici<\/strong><br \/>\n<em>V \u010dervnu se v na\u0161\u00ed chovatelsk\u00e9 stanici narodilo 7 miminek na\u0161\u00ed Baby Bell<br \/>\n******<br \/>\n<\/em><strong>&nbsp;Podzim 2023 &#8211; \u010cesk\u00e1 republika<\/strong><br \/>\n<em>V chovatelsk\u00e9 stanici <strong>Sionella<\/strong> se narodilo 9 \u0161t\u011b\u0148\u00e1tek (<\/em><em>6 pejsk\u016f a 3 fenky).<br \/>\n******<br \/>\n<\/em><strong>&nbsp;Podzim 2023 &#8211; \u010cesk\u00e1 republika<\/strong><br \/>\n<em>V chovatelsk\u00e9 stanici <strong>Blanc evenia<\/strong> se narodilo 8 \u0161t\u011b\u0148\u00e1tek (<\/em><em>4 pejsci a 4 fenky).<br \/>\n******<br \/>\n<\/em><strong>&nbsp;Jaro 2024 &#8211; \u010cesk\u00e1 republika<\/strong><br \/>\n<em>V chovatelsk\u00e9 stanici <strong>Sionella<\/strong> se narodilo 6 \u0161t\u011b\u0148\u00e1tek (<\/em><em>4 pejsci a 2 fenky).<br \/>\n******<br \/>\n<\/em><strong>&nbsp;L\u00e9to 2024 \u2013 Austr\u00e1lie <\/strong><em>(inseminace)<br \/>\n<\/em><em>V chovatelsk\u00e9 stanici <strong>DIAMONDSWISS<\/strong>&nbsp;se narodilo 9 \u0161t\u011b\u0148\u00e1tek (<\/em><em>4 pejsci a 5 fenek).<\/em><br \/>\n<em>******<\/em><br \/>\n<strong>L\u00e9to 2024 &#8211; Rakousko<\/strong><br \/>\n<em>V chovatelsk\u00e9 stanici <strong>Viking Legacy\u00b4s<\/strong> se narodilo 10 \u0161t\u011b\u0148\u00e1tek (<\/em><em>5 pejsk\u016f a 5 fenek).<\/em><br \/>\n<em>******<\/em><br \/>\n<strong>L\u00e9to 2024 &#8211; Rakousko<\/strong><br \/>\n<em>V chovatelsk\u00e9 stanici&nbsp; <strong>vom Kiragrund<\/strong>&nbsp;se narodilo 8 \u0161t\u011b\u0148\u00e1tek (<\/em><em>6 pejsk\u016f a 2 fenky).<\/em><br \/>\n<em>******<\/em><br \/>\n<strong>Podzim 2024 &#8211; Rakousko<\/strong><br \/>\n<em>V chovatelsk\u00e9 stanici&nbsp; <strong>vom Kiragrund<\/strong> se narodilo 7 \u0161t\u011b\u0148\u00e1tek (<\/em><em>5 pejsk\u016f a 2 fenky).<\/em><br \/>\n<em>******<\/em><br \/>\n<strong> Zima 2025 \u2013 Austr\u00e1lie <\/strong><em>(inseminace)<br \/>\n<\/em><em>V chovatelsk\u00e9 stanici <strong>DIAMONDSWISS<\/strong> se narodilo 7 \u0161t\u011b\u0148\u00e1tek (<\/em><em>2 pejsci a 5 fenek).<\/em><\/h5>\n<hr>\n<h4 style=\"text-align: center;\"><span style=\"color: #000080;\"><span style=\"color: #333399;\"><strong>Rodokmen:<\/strong><\/span><\/span><\/h4>\n<p><a href=\"http:\/\/whitealexia.cz\/wp-content\/uploads\/2024\/03\/Pedigree-Dubstep.jpg\"><img loading=\"lazy\" class=\" wp-image-6978 aligncenter\" src=\"http:\/\/whitealexia.cz\/wp-content\/uploads\/2024\/03\/Pedigree-Dubstep.jpg\" alt=\"\" width=\"727\" height=\"867\" srcset=\"https:\/\/whitealexia.cz\/wp-content\/uploads\/2024\/03\/Pedigree-Dubstep.jpg 1792w, https:\/\/whitealexia.cz\/wp-content\/uploads\/2024\/03\/Pedigree-Dubstep-252x300.jpg 252w, https:\/\/whitealexia.cz\/wp-content\/uploads\/2024\/03\/Pedigree-Dubstep-859x1024.jpg 859w, https:\/\/whitealexia.cz\/wp-content\/uploads\/2024\/03\/Pedigree-Dubstep-768x916.jpg 768w, https:\/\/whitealexia.cz\/wp-content\/uploads\/2024\/03\/Pedigree-Dubstep-1288x1536.jpg 1288w, https:\/\/whitealexia.cz\/wp-content\/uploads\/2024\/03\/Pedigree-Dubstep-1717x2048.jpg 1717w\" sizes=\"(max-width: 727px) 100vw, 727px\" \/><\/a><\/p>\n<p>&nbsp;<\/p>\n<hr>\n<p style=\"text-align: center;\">&nbsp;<\/p>\n<p style=\"text-align: center;\">&nbsp;<\/p>\n","protected":false},"excerpt":{"rendered":"<p>Junior World Winner \u00b418&nbsp; &nbsp;VEW \u00b419&nbsp; &nbsp;JCh&nbsp; &nbsp;Ch&nbsp; &nbsp;GrCh&nbsp; &nbsp;Ch \u010cMKU&nbsp; &nbsp;JBIS&nbsp; &nbsp;BIS DUBSTEP of Trebons Berger Blanc CHOVN\u00dd PES (m\u00e1me zmrazen\u00e9 sperma) * 18. 5. 2017 Tituly: * Junior Champion CZ, DK, SK * Champion CZ, SK * Champion \u010cMKU * Grand Champion CZ, SK * Club Champion CZ * Club Grand Champion CZ [&hellip;]<\/p>\n","protected":false},"author":2,"featured_media":0,"parent":0,"menu_order":0,"comment_status":"closed","ping_status":"closed","template":"","meta":{"ngg_post_thumbnail":0},"_links":{"self":[{"href":"https:\/\/whitealexia.cz\/index.php?rest_route=\/wp\/v2\/pages\/1199"}],"collection":[{"href":"https:\/\/whitealexia.cz\/index.php?rest_route=\/wp\/v2\/pages"}],"about":[{"href":"https:\/\/whitealexia.cz\/index.php?rest_route=\/wp\/v2\/types\/page"}],"author":[{"embeddable":true,"href":"https:\/\/whitealexia.cz\/index.php?rest_route=\/wp\/v2\/users\/2"}],"replies":[{"embeddable":true,"href":"https:\/\/whitealexia.cz\/index.php?rest_route=%2Fwp%2Fv2%2Fcomments&post=1199"}],"version-history":[{"count":148,"href":"https:\/\/whitealexia.cz\/index.php?rest_route=\/wp\/v2\/pages\/1199\/revisions"}],"predecessor-version":[{"id":8616,"href":"https:\/\/whitealexia.cz\/index.php?rest_route=\/wp\/v2\/pages\/1199\/revisions\/8616"}],"wp:attachment":[{"href":"https:\/\/whitealexia.cz\/index.php?rest_route=%2Fwp%2Fv2%2Fmedia&parent=1199"}],"curies":[{"name":"wp","href":"https:\/\/api.w.org\/{rel}","templated":true}]}}